{"id":4,"date":"2017-01-23T17:04:10","date_gmt":"2017-01-23T16:04:10","guid":{"rendered":"https:\/\/www.lab-milano.com\/?page_id=4"},"modified":"2020-05-20T17:31:15","modified_gmt":"2020-05-20T15:31:15","slug":"home","status":"publish","type":"page","link":"https:\/\/www.lab-milano.com\/it\/","title":{"rendered":"Home"},"content":{"rendered":"<p>[vc_row full_width=&#8221;stretch_row_content_no_spaces&#8221; equal_height=&#8221;yes&#8221; content_placement=&#8221;middle&#8221; el_id=&#8221;thecollection&#8221; el_class=&#8221;homerow thecollection-row&#8221;][vc_column width=&#8221;1\/2&#8243; css=&#8221;.vc_custom_1486084584735{background-image: url(https:\/\/www.lab-milano.com\/wp-content\/uploads\/2017\/01\/coverbox.jpg?id=47) !important;background-position: center !important;background-repeat: no-repeat !important;background-size: cover !important;}&#8221;][vc_single_image image=&#8221;48&#8243; img_size=&#8221;full&#8221; alignment=&#8221;center&#8221; css_animation=&#8221;appear&#8221;][vc_column_text css_animation=&#8221;bottom-to-top&#8221;]collezione <strong>2020\/<\/strong><strong>2021<\/strong>[\/vc_column_text][vc_btn title=&#8221;woman&#8221; link=&#8221;url:https%3A%2F%2Fwww.lab-milano.com%2Fit%2Fcollezione-donna%2F|||&#8221; el_class=&#8221;link-to-collection&#8221;][vc_btn title=&#8221;man&#8221; link=&#8221;url:https%3A%2F%2Fwww.lab-milano.com%2Fit%2Fcollezione-uomo%2F|||&#8221; el_class=&#8221;link-to-collection&#8221;][\/vc_column][vc_column width=&#8221;1\/2&#8243;][vc_single_image image=&#8221;2634&#8243; img_size=&#8221;full&#8221; css_animation=&#8221;appear&#8221;][\/vc_column][\/vc_row][vc_row full_width=&#8221;stretch_row_content_no_spaces&#8221; equal_height=&#8221;yes&#8221; content_placement=&#8221;middle&#8221; el_id=&#8221;toabout&#8221; el_class=&#8221;homerow&#8221; css=&#8221;.vc_custom_1485337902990{background-color: #e1e1e1 !important;}&#8221;][vc_column width=&#8221;1\/2&#8243;][rev_slider_vc alias=&#8221;video-fw-19-20&#8243;][\/vc_column][vc_column width=&#8221;1\/2&#8243; el_class=&#8221;myspace&#8221;][vc_custom_heading text=&#8221;tradizione, innovazione&#8221;][vc_column_text]La splendida realt\u00e0 di LAB Milano nasce dall&#8217;idea di due imprenditori-amici, Ilasio Renzoni e Gianfranco Butteri.<\/p>\n<p>Grazie alla loro esperienza decidono di produrre una collezione dal design moderno e curato nei dettagli, per rispondere alle nuove esigenze di un mercato sempre pi\u00f9 competitivo.<\/p>\n<p>Qualit\u00e0, garanzia e artigianalit\u00e0 sono i valori con cui le due aziende danno identit\u00e0 al nuovo marchio LAB Milano.[\/vc_column_text][vc_btn title=&#8221;scopri di pi\u00f9&#8221; link=&#8221;url:https%3A%2F%2Fwww.lab-milano.com%2Fit%2Flab-milano%2F|||&#8221; el_class=&#8221;mymore&#8221;][\/vc_column][\/vc_row]<\/p>","protected":false},"excerpt":{"rendered":"<p>[vc_row full_width=&#8221;stretch_row_content_no_spaces&#8221; equal_height=&#8221;yes&#8221; content_placement=&#8221;middle&#8221; el_id=&#8221;thecollection&#8221; el_class=&#8221;homerow thecollection-row&#8221;][vc_column width=&#8221;1\/2&#8243; css=&#8221;.vc_custom_1486084584735{background-image: url(https:\/\/www.lab-milano.com\/wp-content\/uploads\/2017\/01\/coverbox.jpg?id=47) !important;background-position: center !important;background-repeat: no-repeat !important;background-size: cover !important;}&#8221;][vc_single_image image=&#8221;48&#8243; img_size=&#8221;full&#8221; alignment=&#8221;center&#8221; css_animation=&#8221;appear&#8221;][vc_column_text css_animation=&#8221;bottom-to-top&#8221;]collezione 2020\/2021[\/vc_column_text][vc_btn title=&#8221;woman&#8221; link=&#8221;url:https%3A%2F%2Fwww.lab-milano.com%2Fit%2Fcollezione-donna%2F|||&#8221; el_class=&#8221;link-to-collection&#8221;][vc_btn title=&#8221;man&#8221; link=&#8221;url:https%3A%2F%2Fwww.lab-milano.com%2Fit%2Fcollezione-uomo%2F|||&#8221; el_class=&#8221;link-to-collection&#8221;][\/vc_column][vc_column width=&#8221;1\/2&#8243;][vc_single_image image=&#8221;2634&#8243; img_size=&#8221;full&#8221; css_animation=&#8221;appear&#8221;][\/vc_column][\/vc_row][vc_row full_width=&#8221;stretch_row_content_no_spaces&#8221; equal_height=&#8221;yes&#8221; content_placement=&#8221;middle&#8221; el_id=&#8221;toabout&#8221; el_class=&#8221;homerow&#8221; css=&#8221;.vc_custom_1485337902990{background-color: #e1e1e1 &hellip; <a href=\"https:\/\/www.lab-milano.com\/it\/\">Continue reading <span class=\"meta-nav\">&rarr;<\/span><\/a><\/p>\n","protected":false},"author":4,"featured_media":0,"parent":0,"menu_order":20,"comment_status":"closed","ping_status":"closed","template":"homepage.php","meta":{"ngg_post_thumbnail":0,"footnotes":""},"class_list":["post-4","page","type-page","status-publish","hentry"],"_links":{"self":[{"href":"https:\/\/www.lab-milano.com\/it\/wp-json\/wp\/v2\/pages\/4"}],"collection":[{"href":"https:\/\/www.lab-milano.com\/it\/wp-json\/wp\/v2\/pages"}],"about":[{"href":"https:\/\/www.lab-milano.com\/it\/wp-json\/wp\/v2\/types\/page"}],"author":[{"embeddable":true,"href":"https:\/\/www.lab-milano.com\/it\/wp-json\/wp\/v2\/users\/4"}],"replies":[{"embeddable":true,"href":"https:\/\/www.lab-milano.com\/it\/wp-json\/wp\/v2\/comments?post=4"}],"version-history":[{"count":6,"href":"https:\/\/www.lab-milano.com\/it\/wp-json\/wp\/v2\/pages\/4\/revisions"}],"predecessor-version":[{"id":2808,"href":"https:\/\/www.lab-milano.com\/it\/wp-json\/wp\/v2\/pages\/4\/revisions\/2808"}],"wp:attachment":[{"href":"https:\/\/www.lab-milano.com\/it\/wp-json\/wp\/v2\/media?parent=4"}],"curies":[{"name":"wp","href":"https:\/\/api.w.org\/{rel}","templated":true}]}}