{"id":3159,"date":"2022-09-22T16:22:21","date_gmt":"2022-09-22T14:22:21","guid":{"rendered":"https:\/\/www.lab-milano.com\/it\/?page_id=3159"},"modified":"2024-02-14T15:48:24","modified_gmt":"2024-02-14T14:48:24","slug":"photocromatic-lab-milano-sneakers","status":"publish","type":"page","link":"https:\/\/www.lab-milano.com\/it\/photocromic-lab-milano-sneakers","title":{"rendered":"PHOTOCROMIC LAB MILANO SNEAKERS"},"content":{"rendered":"<p><\/p>\n<p>[vc_row css=&#8221;.vc_custom_1686042623496{margin-top: 80px !important;}&#8221;][vc_column][vc_custom_heading text=&#8221;PHOTOCROMIC LAB MILANO SNEAKERS&#8221; font_container=&#8221;tag:h1|text_align:center&#8221;][\/vc_column][\/vc_row][vc_row][vc_column][vc_column_text]<strong>Descrizione<\/strong><\/p>\n<p>L\u2019obiettivo del progetto \u201cPHOTOCROMIC LAB MILANO SNEAKERS\u201d \u00e8 stato la realizzazione di una collezione di sneakers in materiale fotocromatico da destinare ad un consumatore, giovane, stravagante, amante dei dettagli e dello stile made in Italy. La collezione ha rappresentato una novit\u00e0 sia per l\u2019azienda che per il mercato dove non \u00e8 facile trovare calzature che utilizzino il particolare materiale che cambia colore se esposto a raggi UV.<\/p>\n<p>La scarpa realizzata si presenta come una sneakers vulcanizzata tradizionale bianca che cambia colore se esposta alla luce del sole. Gli elementi che risaltano alla luce sono: tomaia, lacci e logo LAB sulla parte laterale. Questi possono essere in contrasto di colori se si utilizzano differenti pellami o di un\u2019unica tonalit\u00e0 se realizzati con lo stesso materiale. La possibilit\u00e0 di personalizzare la scarpa rendendola unica \u00e8 data al consumatore che pu\u00f2 scegliere il colore dei lacci, del logo e del resto della scarpa.<\/p>\n<p><strong>&nbsp;<\/strong><strong>Obiettivi<\/strong><\/p>\n<ul>\n<li>Ideazione e sviluppo di una linea di calzature innovativa<\/li>\n<li>Ampliare e differenziare il commercio estero<\/li>\n<li>Utilizzo di strumenti e strategie innovative basate sulle nuove tecnologie dell\u2019informazione e della comunicazione<\/li>\n<\/ul>\n<p><strong>Risultati<\/strong><\/p>\n<ul>\n<li>Creazione di una sneakers iconica che risponde allo stesso tempo ad esigenze di stile, confort e sostenibilit\u00e0 ambientale.<\/li>\n<li>Miglioramento del branding verso un nuovo segmento di clientela, ovvero una clientela giovane alla ricerca di elementi e linee di stile distintivi ed originali allo stesso tempo molto attenta ai dettagli e amante della qualit\u00e0 Made in Italy<\/li>\n<li>Sviluppo di una rete commerciale sul territorio estero anche tramite l\u2019organizzazione di corner shop e showroom temporanei<\/li>\n<li>Incremento del numero di clienti nei mercati target, aumentando la propria quota di fatturato<\/li>\n<li>Potenziamento della strategia di marketing basata sulle nuove tecnologie dell\u2019informazione e della comunicazione, con nuovi contenuti digitali a supporto dell\u2019immagine e migliore competitivit\u00e0 dell\u2019azienda a livello internazionale<\/li>\n<li>Migliore conoscenza dei mercati target, consolidamento di competenze interne nei confronti delle problematiche legate all\u2019internazionalizzazione<\/li>\n<\/ul>\n<p><strong>PROGETTO COFINANZIATO DAL FONDO EUROPEO DI SVILUPPO REGIONALE.<\/strong><\/p>\n<p><strong>IL SOSTEGNO FINANZIARIO RICEVUTO DALL&#8217;UNIONE EUROPEA <\/strong><strong>\u00c8 DI \u20ac&nbsp;96.000,00,00<\/strong>[\/vc_column_text][\/vc_column][\/vc_row][vc_section content_placement=&#8221;middle&#8221;][vc_row content_placement=&#8221;middle&#8221;][vc_column width=&#8221;1\/2&#8243;][vc_custom_heading text=&#8221;PHOTOCROMIC&#8221; font_container=&#8221;tag:h1|font_size:48px|text_align:left&#8221; use_theme_fonts=&#8221;yes&#8221;][vc_custom_heading text=&#8221;LAB MILANO&#8221; font_container=&#8221;tag:h2|font_size:28px|text_align:left&#8221; use_theme_fonts=&#8221;yes&#8221;][vc_custom_heading text=&#8221;SNEAKERS&#8221; font_container=&#8221;tag:h2|font_size:24px|text_align:left&#8221; use_theme_fonts=&#8221;yes&#8221;][vc_btn title=&#8221;Scarica la Brochure&#8221; style=&#8221;classic&#8221; shape=&#8221;square&#8221; color=&#8221;black&#8221; link=&#8221;url:https%3A%2F%2Fwww.lab-milano.com%2Fwp-content%2Fuploads%2F2022%2F09%2FPHOTOCROMIC-LAB-MILANO-SNEAKERS-web.pdf|title:Download|target:%20_blank|&#8221;][\/vc_column][vc_column width=&#8221;1\/2&#8243;][vc_column_text]<\/p>\n<p>ngg_shortcode_0_placeholder[\/vc_column_text][\/vc_column][\/vc_row][\/vc_section]<\/p>\n<p><\/p>","protected":false},"excerpt":{"rendered":"<p>[vc_row css=&#8221;.vc_custom_1686042623496{margin-top: 80px !important;}&#8221;][vc_column][vc_custom_heading text=&#8221;PHOTOCROMIC LAB MILANO SNEAKERS&#8221; font_container=&#8221;tag:h1|text_align:center&#8221;][\/vc_column][\/vc_row][vc_row][vc_column][vc_column_text]Descrizione L\u2019obiettivo del progetto \u201cPHOTOCROMIC LAB MILANO SNEAKERS\u201d \u00e8 stato la realizzazione di una collezione di sneakers in materiale fotocromatico da destinare ad un consumatore, giovane, stravagante, amante dei dettagli e dello &hellip; <a href=\"https:\/\/www.lab-milano.com\/it\/photocromic-lab-milano-sneakers\">Continue reading <span class=\"meta-nav\">&rarr;<\/span><\/a><\/p>\n","protected":false},"author":4,"featured_media":3180,"parent":0,"menu_order":3,"comment_status":"closed","ping_status":"closed","template":"","meta":{"ngg_post_thumbnail":0,"footnotes":""},"class_list":["post-3159","page","type-page","status-publish","has-post-thumbnail","hentry"],"_links":{"self":[{"href":"https:\/\/www.lab-milano.com\/it\/wp-json\/wp\/v2\/pages\/3159"}],"collection":[{"href":"https:\/\/www.lab-milano.com\/it\/wp-json\/wp\/v2\/pages"}],"about":[{"href":"https:\/\/www.lab-milano.com\/it\/wp-json\/wp\/v2\/types\/page"}],"author":[{"embeddable":true,"href":"https:\/\/www.lab-milano.com\/it\/wp-json\/wp\/v2\/users\/4"}],"replies":[{"embeddable":true,"href":"https:\/\/www.lab-milano.com\/it\/wp-json\/wp\/v2\/comments?post=3159"}],"version-history":[{"count":31,"href":"https:\/\/www.lab-milano.com\/it\/wp-json\/wp\/v2\/pages\/3159\/revisions"}],"predecessor-version":[{"id":3224,"href":"https:\/\/www.lab-milano.com\/it\/wp-json\/wp\/v2\/pages\/3159\/revisions\/3224"}],"wp:featuredmedia":[{"embeddable":true,"href":"https:\/\/www.lab-milano.com\/it\/wp-json\/wp\/v2\/media\/3180"}],"wp:attachment":[{"href":"https:\/\/www.lab-milano.com\/it\/wp-json\/wp\/v2\/media?parent=3159"}],"curies":[{"name":"wp","href":"https:\/\/api.w.org\/{rel}","templated":true}]}}